{"id":785,"date":"2017-03-29T13:07:22","date_gmt":"2017-03-29T13:07:22","guid":{"rendered":"http:\/\/newnotio.fuelthemes.net\/quasar\/?page_id=318"},"modified":"2025-03-12T16:57:00","modified_gmt":"2025-03-12T15:57:00","slug":"about-us-creative-2","status":"publish","type":"page","link":"https:\/\/linabenmansour.fr\/?page_id=785","title":{"rendered":"About"},"content":{"rendered":"[vc_row thb_full_width=&#8221;true&#8221; thb_row_padding=&#8221;true&#8221; full_height=&#8221;true&#8221; content_placement=&#8221;middle&#8221; css=&#8221;.vc_custom_1704960163194{background: #2d3154 url(https:\/\/linabenmansour.fr\/wp-content\/uploads\/2018\/07\/about-1.jpg?id=1465) !important;background-position: center !important;background-repeat: no-repeat !important;background-size: cover !important;}&#8221;][vc_column thb_color=&#8221;thb-light-column&#8221; el_class=&#8221;text-center&#8221;][vc_empty_space height=&#8221;300px&#8221;][vc_column_text]\n<h1>About<\/h1>\n[\/vc_column_text][vc_empty_space height=&#8221;300px&#8221;][\/vc_column][\/vc_row][vc_row thb_full_width=&#8221;true&#8221; thb_row_padding=&#8221;true&#8221; content_placement=&#8221;middle&#8221;][vc_column parallax=&#8221;content-moving-fade&#8221; width=&#8221;1\/2&#8243;][vc_tta_tabs active_section=&#8221;2&#8243;][vc_tta_section title=&#8221;English&#8221; tab_id=&#8221;1704906826761-83ca6285-03fb&#8221;][vc_column_text css=&#8221;.vc_custom_1741794786873{padding-top: 10% !important;padding-right: 15% !important;padding-bottom: 10% !important;padding-left: 15% !important;}&#8221;]Lina is a French <em>Advertising Creative Lead &amp; Art Director<\/em> with an eye for innovation and pixel perfection.<\/p>\n<p>After graduating from the LISAA School of Design in Paris, she started her career in 2009 as an Assistant Art Director. She has a background in Graphic Design Packaging and Print Advertising and she is currently working in Digital Advertising. Her first digital ad experience was in a Parisian start-up, <em>Agence Et Si<\/em>, in 2010, as a Junior Art Director.<\/p>\n<p>Then Lina started to work at <em>Publicis Groupe <\/em>in 2014, working primarily on a creative team for the Nissan account. Two years later she joined the Lost Boys Paris (Publicis Group) team, working on brands such as Essilor, Herm\u00e8s and Renault.<\/p>\n<p>Then she joined <em>Publicis.Sapient \/Razorfish Paris<\/em> in a creative team as a Senior Art Director for La Banque Postale, L&#8217;Or\u00e9al, Essilor and Winamax.<\/p>\n<p>Today, Lina is currently working as a Freelancer for various french and global brands and agencies.<\/p>\n<p>Lina is passionate about exploring all that advertising spaces have to offer, from Print and Editorial Design to Commercial Films, from crafting Social Media Brand Content to developing innovative Experiences and Activations. Lina is also involved in <em>Copywriting<\/em> and <em>Content Strategy<\/em> for a variety of projects. Additionally, she regularly gives <em>lectures<\/em>, <em>workshops<\/em>, and <em>masterclasses<\/em> to students in higher education institutions specializing in Communication, Advertising, and Graphic Design.<\/p>\n<p>Her mission is to ensure that each creation is visually impactful, while keeping the meaning and message at the heart of the concept.<\/p>\n<p>&nbsp;<\/p>\n<p>Lina&#8217;s portfolio showcases a range of well-crafted campaigns for many brands. She has won multiple awards, including a Gold Lion at Cannes for \u201cBrainfood\u201d, a campaign for UNICEF.[\/vc_column_text][\/vc_tta_section][vc_tta_section title=&#8221;Fran\u00e7ais&#8221; tab_id=&#8221;1704906826770-08b4b0a8-9d9d&#8221;][vc_column_text css=&#8221;.vc_custom_1741794398645{padding-top: 10% !important;padding-right: 15% !important;padding-bottom: 10% !important;padding-left: 15% !important;}&#8221;]Lina est <em>Advertising Creative Lead &amp; Directrice Artistique<\/em> actuellement sp\u00e9cialis\u00e9e dans la cr\u00e9ation de <em>campagnes publicitaires 360<\/em> et de <em>brand content<\/em>. Elle se passionne \u00e0 cr\u00e9er des concepts visuellement impactants qui font sens dans le contexte de notre soci\u00e9t\u00e9 actuelle.<\/p>\n<p>&nbsp;<\/p>\n<p>Dipl\u00f4m\u00e9e d\u2019un master de l&#8217;<em>Institut Sup\u00e9rieur des Arts Appliqu\u00e9s de Paris<\/em>, elle d\u00e9bute sa carri\u00e8re en 2009 en tant que Designer Graphique. Lina d\u00e9veloppe alors ses comp\u00e9tences en communication et design graphique dans les domaines du Print, Branding, Packaging, Campagnes 360, Brand Content, Social Media\u2026<\/p>\n<p>&nbsp;<\/p>\n<p>Sa premi\u00e8re exp\u00e9rience en tant que Directrice Artistique date de 2010, chez l&#8217;<em>Agence Et Si.<\/em><\/p>\n<p>C\u2019est ensuite en 2014 qu\u2019elle commencera \u00e0 travailler chez <em>Publicis Groupe (DigitasLbi) <\/em>en team cr\u00e9atif principalement sur le compte Nissan.<\/p>\n<p>Deux ans plus tard, elle int\u00e8gre l&#8217;\u00e9quipe de <em>Lost Boys Paris<\/em> (entit\u00e9 rattach\u00e9e \u00e0 Publicis Groupe) \u0153uvrant alors sur des marques telles qu&#8217;Essilor, Herm\u00e8s et Renault.<\/p>\n<p>Elle rejoindra ensuite l&#8217;agence <em>Publicis Sapient \/ Razorfish France<\/em>, au sein d&#8217;un bin\u00f4me cr\u00e9atif en tant que Directrice Artistique Senior notamment pour La Banque Postale, L&#8217;Or\u00e9al, Essilor et Winamax.<\/p>\n<p>&nbsp;<\/p>\n<p>Actuellement, Lina est en freelance pour diverses marques et agences en France et \u00e0 l&#8217;international. Elle se pla\u00eet \u00e0 explorer tout ce que les espaces publicitaires ont \u00e0 offrir : de la cr\u00e9ation <em>Print<\/em> et <em>Editorial<\/em>e aux <em>Films Pub<\/em>, de la r\u00e9alisation de <em>Brand Content<\/em> pour le <em>Social Media<\/em> en passant par le d\u00e9veloppement d\u2019<em>Exp\u00e9riences et d&#8217;Activations <\/em>innovantes.<\/p>\n<p>Lina travaille aujourd&#8217;hui \u00e9galement en <em>Conception-R\u00e9daction<\/em> (<em>Copywriting<\/em>) et <i>Content Strategy <\/i>sur de nombreux sujets. Elle donne aussi r\u00e9guli\u00e8rement des <em>conf\u00e9rences,<\/em> <em>workshops<\/em> et <em>masterclasses<\/em> \u00e0 des \u00e9tudiants en \u00e9cole sup\u00e9rieure de Communication, Publicit\u00e9 et Design Graphique.<\/p>\n<p>&nbsp;<\/p>\n<p>Lina met un point d\u2019honneur \u00e0 ce que chaque r\u00e9alisation soit visuellement impactante, tout en gardant le sens et le message au c\u0153ur du concept.<\/p>\n<p>&nbsp;<\/p>\n<p>Elle a remport\u00e9 de nombreux prix, notamment un Lion d\u2019Or au Festival International de la Cr\u00e9ativit\u00e9 \u00e0 Cannes pour le concept de la campagne \u201cBrainfood\u201c pour Unicef.[\/vc_column_text][\/vc_tta_section][\/vc_tta_tabs][\/vc_column][vc_column width=&#8221;1\/2&#8243; css=&#8221;.vc_custom_1532011256602{padding-top: 50% !important;padding-right: 20% !important;padding-bottom: 50% !important;padding-left: 20% !important;background-image: url(https:\/\/linabenmansour.fr\/wp-content\/uploads\/2018\/07\/c3b5c5c1d3b0c597ae8fd3d692253693.jpg?id=1357) !important;background-position: center !important;background-repeat: no-repeat !important;background-size: cover !important;}&#8221;]\t<div id=\"thb-awards-51\" class=\"thb-awards-parent\">\n\t\t\t<\/div>\n\t[\/vc_column][\/vc_row][vc_row thb_full_width=&#8221;true&#8221; thb_row_padding=&#8221;true&#8221; content_placement=&#8221;middle&#8221;][vc_column width=&#8221;1\/2&#8243; css=&#8221;.vc_custom_1531839578625{padding-top: 50% !important;padding-right: 20% !important;padding-left: 20% !important;background-image: url(https:\/\/linabenmansour.fr\/wp-content\/uploads\/2018\/07\/83137f42640d91d22d6bd26001210f67.jpg?id=1362) !important;background-position: center !important;background-repeat: no-repeat !important;background-size: cover !important;}&#8221;][\/vc_column][vc_column width=&#8221;1\/2&#8243; css=&#8221;.vc_custom_1490809635742{padding-top: 10% !important;padding-right: 15% !important;padding-bottom: 10% !important;padding-left: 15% !important;}&#8221;][vc_column_text]\n<h2>Skills<\/h2>\n<p>Creative Conception<br \/>\nArt Direction<br \/>\nCreative Lead<br \/>\nAdvertising<br \/>\nContent Strategy<br \/>\nGraphic Design<br \/>\nCopywriting<br \/>\nIllustration<br \/>\nSkateboarding[\/vc_column_text][\/vc_column][\/vc_row][vc_row thb_full_width=&#8221;true&#8221; thb_row_padding=&#8221;true&#8221; content_placement=&#8221;middle&#8221;][vc_column width=&#8221;1\/2&#8243; skrollr=&#8221;true&#8221; css=&#8221;.vc_custom_1531844676504{padding-right: 20% !important;padding-left: 20% !important;background-position: center !important;background-repeat: no-repeat !important;background-size: cover !important;}&#8221;][vc_column_text css=&#8221;.vc_custom_1741795005748{padding-top: 20% !important;}&#8221;]\n<h2>Experience<\/h2>\n<div class=\"pv-entity__summary-info\">\n<div class=\"pv-entity__summary-info\">\n<div class=\"pv-entity__summary-info\">\n<h4 class=\"pv-entity__date-range inline-block Sans-15px-black-70%\"><strong>Oct 2020 \u2013 Present<\/strong><br \/>\nFreelancer Senior Art Director<\/h4>\n<p>Creative Conception &amp; Brand Strategy<br \/>\nArt Direction (Digital &amp; Print)<br \/>\nCreative Lead 360<br \/>\nCopywriting (Fran\u00e7ais &amp; English)<br \/>\nAdvertising Films<br \/>\nGraphic Design (Digital &amp; Print)<\/p>\n<h4><\/h4>\n<h4 class=\"pv-entity__date-range inline-block Sans-15px-black-70%\"><strong>Feb 2018 \u2013 Sept 2020<\/strong><br \/>\nSenior Art Director at <span class=\"pv-entity__secondary-title\">Publicis.Sapient \/ Razorfish France<\/span><\/h4>\n<p>Art Direction (Digital &amp; Print)<br \/>\nCreative Conception &amp; Strategy<br \/>\nAdvertising Films<br \/>\nGraphic Design (Digital &amp; Print)<br \/>\n<strong>Clients: L&#8217;Or\u00e9al, Essilor, Lotus, BNP Paribas&#8230;<\/strong><\/p>\n<\/div>\n<\/div>\n<div class=\"pv-entity__summary-info\">\n<h4><\/h4>\n<h4 class=\"pv-entity__date-range inline-block Sans-15px-black-70%\"><strong>Feb 2017 \u2013 Feb 2018<\/strong><br \/>\nArt Director at\u00a0<span class=\"pv-entity__secondary-title\">Lost Boys Paris<\/span><\/h4>\n<p>Art Direction (Print &amp; Digital)<br \/>\nCreative Conception &amp; Strategy<br \/>\nAdvertising Films<br \/>\nGraphic Design (Print &amp; Digital)<br \/>\n<strong>Clients: Herm\u00e8s, Renault, Essilor, Opline Prize&#8230;<\/strong><\/p>\n<h4><\/h4>\n<h4 class=\"pv-entity__date-range inline-block Sans-15px-black-70%\"><strong>Mar 2014 \u2013 Jan 2018<\/strong><br \/>\nArt Director at\u00a0<span class=\"pv-entity__secondary-title\">DigitasLBi France<\/span><\/h4>\n<p>Art Direction (Print &amp; Digital)<br \/>\nCreative Conception &amp; Strategy<br \/>\nAdvertising Films<br \/>\nGraphic Design (Print &amp; Digital)<br \/>\n<strong>Clients: Nissan, Unicef, Renault, Dior&#8230;<\/strong><\/p>\n<\/div>\n<\/div>\n<h4><\/h4>\n<div class=\"pv-entity__summary-info\">\n<h4 class=\"pv-entity__date-range inline-block Sans-15px-black-70%\"><strong>Dec 2010 \u2013 Feb 2014<\/strong><br \/>\nJunior Art Director\u00a0<span class=\"visually-hidden\">at\u00a0<\/span><span class=\"pv-entity__secondary-title\">Agence Et Si<\/span><\/h4>\n<p>Art Direction<br \/>\nGraphic Design (Print &amp; Digital)<br \/>\nWeb Design \/ App Design<br \/>\n<strong>Clients: Adidas, Florida Grapefruit, Sodastream, Centre Georges Pompidou&#8230;<\/strong><\/p>\n<\/div>\n<h4><\/h4>\n<div class=\"pv-entity__summary-info\">\n<h4 class=\"Sans-17px-black-85%-semibold\"><strong>May 2009 \u2013 Oct 2009<\/strong><br \/>\nGraphic Designer at\u00a0<span class=\"pv-entity__secondary-title\">ADHOC Design<\/span><\/h4>\n<p>Packaging Graphic Design<br \/>\nPrint Advertising<\/p>\n<\/div>\n<h2><\/h2>\n<h2 class=\"p1\">Education<\/h2>\n<h4 class=\"p2\"><strong><span class=\"s1\"><span class=\"s2\">2009 \u2013 2011<br \/>\n<\/span><\/span><\/strong><span class=\"s1\"><span class=\"s2\"><b>L&#8217;Institut Sup\u00e9rieur des Arts Appliqu\u00e9s &#8211; LISAA School of Design, Paris<\/b><\/span><\/span><\/h4>\n<p class=\"p2\"><span class=\"s1\"><span class=\"s2\"><b><\/b>Master 2 &#8211; Masters Degree<br \/>\nDesign et communication visuelle digitale &#8211; Digital Art Direction<br \/>\n<\/span><\/span><span class=\"s1\"><span class=\"s2\"><b><br \/>\n<\/b><\/span><b> <\/b><\/span><\/p>\n<h4 class=\"p2\"><strong><span class=\"s1\"><span class=\"s2\">2007\u00a0\u2013\u00a02009<br \/>\n<\/span><\/span><\/strong><span class=\"s1\"><span class=\"s2\"><b>L&#8217;Institut Sup\u00e9rieur des Arts Appliqu\u00e9s &#8211; LISAA School of Design, Paris<\/b><\/span><\/span><\/h4>\n<p>Licence &#8211; Bachelor<br \/>\nConception design graphique et audiovisuel &#8211; Conceptual Graphic Design<br \/>\n<span class=\"s1\"><span class=\"s2\"><b><br \/>\n<\/b><\/span><\/span><\/p>\n<h4 class=\"p2\"><strong><span class=\"s1\"><span class=\"s2\">2004\u00a0\u2013\u00a02007<br \/>\n<\/span><\/span><\/strong><span class=\"s1\"><span class=\"s2\"><b>Lyc\u00e9e Blanche de Castille, Versailles<\/b><\/span><\/span><\/h4>\n<p class=\"p2\"><span class=\"s1\"><span class=\"s2\">Baccalaur\u00e9at &#8211; Baccalaureate<br \/>\nDesign et arts appliqu\u00e9s &#8211; Applied Arts and Design<\/span><\/span><\/p>\n[\/vc_column_text][\/vc_column][vc_column width=&#8221;1\/2&#8243; css=&#8221;.vc_custom_1531844267293{padding-top: 10% !important;padding-right: 15% !important;padding-bottom: 10% !important;padding-left: 15% !important;background-color: #daefe6 !important;}&#8221;][vc_column_text]\n<h2>Languages<\/h2>\n<h5><strong>French<\/strong><br \/>\n<strong>English<\/strong><\/h5>\n<h2>Awards<\/h2>\n<div class=\"pv-accomplishments-block__content break-words\" style=\"text-align: left;\">\n<div class=\"pv-accomplishments-block__list-container\" tabindex=\"-1\" data-artdeco-is-focused=\"true\">\n<h4><span class=\"pv-accomplishment-entity__date\"><strong>Jan. 2020<br \/>\n<\/strong><\/span>Jeju International Drone Film Festival Award (South Korea)<\/h4>\n<h5>RESTLESS &#8211; A film shot with a FPV racer cinewhoop drone and a GoPro 7.<br \/>\n(more info below)<\/h5>\n<h4><span class=\"pv-accomplishment-entity__date\"><strong>June 2019<\/strong><br \/>\n<\/span>GoPro Award (USA)<\/h4>\n<h5>RESTLESS &#8211; A film shot with a FPV racer cinewhoop drone and a GoPro 7.<br \/>\n<strong>When you\u2019re passionnate about doing something and you feel in the right place, it feels like you enter a tunnel of fun and it\u2019s really hard to stop. I had the chance to work with 2 other passionate people, Longboard Dancing legend Lotfi Lamaali and drone pilot Fincky on this really fun film.<\/strong><\/h5>\n<h5><\/h5>\n<h4><span class=\"pv-accomplishment-entity__date\"><strong>Oct. 2017<\/strong><br \/>\n<\/span>Grand Prix Strat\u00e9gies Argent dans la cat\u00e9gorie Relation Client sur les R\u00e9seaux Sociaux \/ Gestion de Communaut\u00e9s<\/h4>\n<h5 class=\"pv-accomplishment-entity__description Sans-15px-black-70%\">Micra x The Wheeler Dealers<br \/>\n<strong>A live activation presented by the infamous Wheeler Dealers duo right from the Nissan factory. It unabled Facebook users to personalize the new Micra live on social.<\/strong><\/h5>\n<h4 class=\"pv-accomplishment-entity__description Sans-15px-black-70%\"><span class=\"pv-accomplishment-entity__date\"><strong>May 2017<br \/>\n<\/strong><\/span>Gold Shorty Award &#8211; Automotive category<\/h4>\n<h5 class=\"pv-accomplishment-entity__description Sans-15px-black-70%\">PewDiePie &#8211; My New Car II<br \/>\n<strong>A bold collaboration with a distinctive and popular storyteller to present key features of the new MICRA. A few months ago, we noticed that PewDiePie (the most popular Youtuber in the world with more than 50m subscribers) randomly used an old Nissan MICRA in one of his vlogs. The &#8220;MY NEW CAR&#8221; video had successfully reached 26 million views. So we seized this opportunity and proposed a partnership to PewDiePie to create a sequel of this first video. The result is an audacious, full of humour and authentic story presenting the new Nissan Micra in an offbeat way.<\/strong><\/h5>\n<h4 class=\"pv-accomplishment-entity__title\"><span class=\"pv-accomplishment-entity__date\"><strong>June 2016<br \/>\n<\/strong><\/span>Cannes Young Lions Gold Award<\/h4>\n<h5 class=\"pv-accomplishment-entity__description Sans-15px-black-70%\">Feed the Brain, Not Just The Belly<br \/>\n<strong>Lions Health, the Festival and Awards that celebrate life-changing creativity in healthcare communications, and UNICEF, have announced the winner of the 2016 Young Lions Health Award. Eleanor Howe and Lina Benmansour of DigitasLBi, France, won with Unicef Brain Food. Their idea answered the brief innovatively, by using everyday objects to stimulate play, and providing creative ways for caregivers to interact with children.<\/strong><\/h5>\n<h4 class=\"pv-accomplishment-entity__description Sans-15px-black-70%\"><strong><span class=\"pv-accomplishment-entity__date\">Oct. 2014<br \/>\n<\/span><\/strong>FWA Mobile of The Day<\/h4>\n<h5 class=\"pv-accomplishment-entity__description Sans-15px-black-70%\">Nissan Juke Customization App<br \/>\n<strong>Want your Nissan Juke to reflect your personality? Mix, match, and make changes until you find your perfect fit. Add your signature style and give extra attitude to your drive with the NISSAN JUKE Design Studio.<\/strong><\/h5>\n<\/div>\n<\/div>\n[\/vc_column_text][\/vc_column][\/vc_row]\n","protected":false},"excerpt":{"rendered":"<p>[vc_row thb_full_width=&#8221;true&#8221; thb_row_padding=&#8221;true&#8221; full_height=&#8221;true&#8221; content_placement=&#8221;middle&#8221; css=&#8221;.vc_custom_1704960163194{background: #2d3154 url(https:\/\/linabenmansour.fr\/wp-content\/uploads\/2018\/07\/about-1.jpg?id=1465) !important;background-position: center !important;background-repeat: no-repeat !important;background-size: cover !important;}&#8221;][vc_column thb_color=&#8221;thb-light-column&#8221; el_class=&#8221;text-center&#8221;][vc_empty_space height=&#8221;300px&#8221;][vc_column_text] About [\/vc_column_text][vc_empty_space height=&#8221;300px&#8221;][\/vc_column][\/vc_row][vc_row thb_full_width=&#8221;true&#8221; thb_row_padding=&#8221;true&#8221; content_placement=&#8221;middle&#8221;][vc_column parallax=&#8221;content-moving-fade&#8221; width=&#8221;1\/2&#8243;][vc_tta_tabs active_section=&#8221;2&#8243;][vc_tta_section title=&#8221;English&#8221; tab_id=&#8221;1704906826761-83ca6285-03fb&#8221;][vc_column_text css=&#8221;.vc_custom_1741794786873{padding-top: 10% !important;padding-right: 15% !important;padding-bottom: 10% !important;padding-left: 15% !important;}&#8221;]Lina is a French Advertising Creative Lead &amp; Art Director with an eye for innovation and pixel perfection.&hellip;<\/p>\n","protected":false},"author":1,"featured_media":0,"parent":0,"menu_order":0,"comment_status":"closed","ping_status":"closed","template":"","meta":{"footnotes":""},"class_list":["post-785","page","type-page","status-publish","hentry"],"_links":{"self":[{"href":"https:\/\/linabenmansour.fr\/index.php?rest_route=\/wp\/v2\/pages\/785"}],"collection":[{"href":"https:\/\/linabenmansour.fr\/index.php?rest_route=\/wp\/v2\/pages"}],"about":[{"href":"https:\/\/linabenmansour.fr\/index.php?rest_route=\/wp\/v2\/types\/page"}],"author":[{"embeddable":true,"href":"https:\/\/linabenmansour.fr\/index.php?rest_route=\/wp\/v2\/users\/1"}],"replies":[{"embeddable":true,"href":"https:\/\/linabenmansour.fr\/index.php?rest_route=%2Fwp%2Fv2%2Fcomments&post=785"}],"version-history":[{"count":248,"href":"https:\/\/linabenmansour.fr\/index.php?rest_route=\/wp\/v2\/pages\/785\/revisions"}],"predecessor-version":[{"id":2270,"href":"https:\/\/linabenmansour.fr\/index.php?rest_route=\/wp\/v2\/pages\/785\/revisions\/2270"}],"wp:attachment":[{"href":"https:\/\/linabenmansour.fr\/index.php?rest_route=%2Fwp%2Fv2%2Fmedia&parent=785"}],"curies":[{"name":"wp","href":"https:\/\/api.w.org\/{rel}","templated":true}]}}